{"id":3,"date":"2025-01-30T14:22:16","date_gmt":"2025-01-30T14:22:16","guid":{"rendered":"https:\/\/eager-mclaren.141-94-141-194.plesk.page\/?page_id=3"},"modified":"2025-02-21T14:21:54","modified_gmt":"2025-02-21T14:21:54","slug":"privacy-policy","status":"publish","type":"page","link":"https:\/\/fortdugrandsaintantoine.fr\/index.php\/privacy-policy\/","title":{"rendered":"Privacy Policy"},"content":{"rendered":"\t\t<div data-elementor-type=\"wp-page\" data-elementor-id=\"3\" class=\"elementor elementor-3\" data-elementor-post-type=\"page\">\n\t\t\t\t<div class=\"elementor-element elementor-element-32d38e1c e-flex e-con-boxed e-con e-parent\" data-id=\"32d38e1c\" data-element_type=\"container\" data-e-type=\"container\" data-settings=\"{&quot;background_background&quot;:&quot;classic&quot;}\">\n\t\t\t\t\t<div class=\"e-con-inner\">\n\t\t\t\t<div class=\"elementor-element elementor-element-0f28433 elementor-widget elementor-widget-heading\" data-id=\"0f28433\" data-element_type=\"widget\" data-e-type=\"widget\" data-widget_type=\"heading.default\">\n\t\t\t\t<div class=\"elementor-widget-container\">\n\t\t\t\t\t<h4 class=\"elementor-heading-title elementor-size-default\">Politique de confidentialit\u00e9 - Mention l\u00e9gales<\/h4>\t\t\t\t<\/div>\n\t\t\t\t<\/div>\n\t\t\t\t<div class=\"elementor-element elementor-element-7851689 elementor-widget elementor-widget-spacer\" data-id=\"7851689\" data-element_type=\"widget\" data-e-type=\"widget\" data-widget_type=\"spacer.default\">\n\t\t\t\t<div class=\"elementor-widget-container\">\n\t\t\t\t\t\t\t<div class=\"elementor-spacer\">\n\t\t\t<div class=\"elementor-spacer-inner\"><\/div>\n\t\t<\/div>\n\t\t\t\t\t\t<\/div>\n\t\t\t\t<\/div>\n\t\t\t\t<div class=\"elementor-element elementor-element-b46bf08 elementor-widget elementor-widget-heading\" data-id=\"b46bf08\" data-element_type=\"widget\" data-e-type=\"widget\" data-widget_type=\"heading.default\">\n\t\t\t\t<div class=\"elementor-widget-container\">\n\t\t\t\t\t<h4 class=\"elementor-heading-title elementor-size-default\">Mentions l\u00e9gales<\/h4>\t\t\t\t<\/div>\n\t\t\t\t<\/div>\n\t\t\t\t<div class=\"elementor-element elementor-element-3dca1a3 elementor-widget elementor-widget-text-editor\" data-id=\"3dca1a3\" data-element_type=\"widget\" data-e-type=\"widget\" data-widget_type=\"text-editor.default\">\n\t\t\t\t<div class=\"elementor-widget-container\">\n\t\t\t\t\t\t\t\t\t<p><strong>1.Identification du site Internet : <a href=\"https:\/\/soutenir-acei.com\/\">https:\/\/fortdugrandsaintantoine.fr<\/a>\u00a0<\/strong><\/p>\n<p>Editeur : ASSOCIATION LES AMIS DU FORT DU GRAND SAINT-ANTOINE<\/p>\n<p>Association, dont le si\u00e8ge est situ\u00e9 route du Faron, Quartier du Fort Rouge, 83200 Toulon<\/p>\n<p>SIRET : 930 899 703 000 19<\/p>\n<p>E-mail : <a href=\"mailto:lefortdugrandsaintantoine@gmail.com\">lefortdugrandsaintantoine@gmail.com<\/a><\/p>\n<p>Directeur de la publication : M.Denis Le Priol<\/p>\n<p>H\u00e9bergeur\u00a0:\u00a0OVH, soci\u00e9t\u00e9 par actions simplifi\u00e9e, dont le si\u00e8ge est situ\u00e9 2 rue Kellermann, 59100 Roubaix, France<\/p>\n<p>T\u00e9l\u00e9phone\u00a0: 10 07 \/ Site Internet\u00a0:\u00a0<a href=\"http:\/\/ovh.com\/\">ovh.com<\/a><\/p>\n<p>D\u00e9l\u00e9gu\u00e9 \u00e0 la protection des donn\u00e9es (DPO) : Denis Le Priol.\u00a0<\/p>\n<p>Adresse \u00e9lectronique : <a href=\"mailto:lefortdugrandsaintantoine@gmail.com\">lefortdugrandsaintantoine@gmail.com<\/a>.<\/p>\t\t\t\t\t\t\t\t<\/div>\n\t\t\t\t<\/div>\n\t\t\t\t<div class=\"elementor-element elementor-element-5c135ca elementor-widget elementor-widget-heading\" data-id=\"5c135ca\" data-element_type=\"widget\" data-e-type=\"widget\" data-widget_type=\"heading.default\">\n\t\t\t\t<div class=\"elementor-widget-container\">\n\t\t\t\t\t<h4 class=\"elementor-heading-title elementor-size-default\">Conditions g\u00e9n\u00e9rales d\u2019utilisation :<\/h4>\t\t\t\t<\/div>\n\t\t\t\t<\/div>\n\t\t\t\t<div class=\"elementor-element elementor-element-4ec5c15 elementor-widget elementor-widget-text-editor\" data-id=\"4ec5c15\" data-element_type=\"widget\" data-e-type=\"widget\" data-widget_type=\"text-editor.default\">\n\t\t\t\t<div class=\"elementor-widget-container\">\n\t\t\t\t\t\t\t\t\t<p><strong>a) D\u00e9finitions\u00a0:<\/strong><\/p>\n<p>Les termes ci-dessous auront, entre LES AMIS DU FORT DU GRAND SAINT-ANTOINE et l\u2019Utilisateur, la d\u00e9finition suivante :<\/p>\n<ul>\n<li>Abonn\u00e9\u00a0:\u00a0d\u00e9signe toute personne a particip\u00e9 \u00e0 des actions quelles qu\u2019elles soient (p\u00e9tition, communication d\u2019opinions\u2026), a donn\u00e9 son autorisation pour recevoir ult\u00e9rieurement des informations li\u00e9es \u00e0 l\u2019objet du Site.<\/li>\n<li>CGU : d\u00e9signe les pr\u00e9sentes conditions g\u00e9n\u00e9rales d\u2019utilisation r\u00e9gissant les conditions et obligations des\u00a0AMIS DU FORT DU GRAND SAINT-ANTOINE et de l\u2019Utilisateur du fait de l\u2019acc\u00e8s et de l\u2019utilisation du Site.<\/li>\n<li>Contenu Abonn\u00e9s\u00a0:\u00a0d\u00e9signe les informations, donn\u00e9es, images, vid\u00e9os ou enregistrements sonores sp\u00e9cifiques communiqu\u00e9s \u00e0 l\u2019Abonn\u00e9.<\/li>\n<li>Contenu du Site\u00a0:\u00a0d\u00e9signe les informations, donn\u00e9es, images, vid\u00e9os ou enregistrements sonores accessibles gr\u00e2ce \u00e0 l\u2019acc\u00e8s libre au Site.<\/li>\n<li>Contenu tiers : d\u00e9signe les informations, donn\u00e9es, images, vid\u00e9os ou enregistrements sonores accessibles sur le Site sur lesquels LES AMIS DU FORT DU GRAND SAINT-ANTOINE ne dispose pas de droit de propri\u00e9t\u00e9, y compris les contenus libres de droit.<\/li>\n<li>\u00c9diteur : identifie dans les pr\u00e9sentes LES AMIS DU FORT DU GRAND SAINT-ANTOINE.<\/li>\n<li>Participant\u00a0:\u00a0d\u00e9signe toute personne, qui, communique volontairement des informations par l\u2019interm\u00e9diaire de formulaires de renseignements ou de participation \u00e0 des p\u00e9titions.<\/li>\n<li>Site : d\u00e9signe le site Internet accessible \u00e0 l\u2019adresse : <a href=\"https:\/\/fortdugrandsaintantoine.fr\">https:\/\/fortdugrandsaintantoine.fr<\/a>.<\/li>\n<li>Utilisateur : d\u00e9signe toute personne ayant acc\u00e8s, se connectant et\/ou utilisant le Site, sans pour autant avoir renseign\u00e9 d\u2019informations, s\u2019\u00eatre abonn\u00e9 aux informations diffus\u00e9es par LES AMIS DU FORT DU GRAND SAINT-ANTOINE.<\/li>\n<\/ul>\t\t\t\t\t\t\t\t<\/div>\n\t\t\t\t<\/div>\n\t\t\t\t<div class=\"elementor-element elementor-element-51e035b elementor-widget elementor-widget-text-editor\" data-id=\"51e035b\" data-element_type=\"widget\" data-e-type=\"widget\" data-widget_type=\"text-editor.default\">\n\t\t\t\t<div class=\"elementor-widget-container\">\n\t\t\t\t\t\t\t\t\t<p><strong>b) Objet\u00a0des CGU, acceptation, opposabilit\u00e9\u00a0et modifications :<\/strong><\/p>\n<p>Les pr\u00e9sentes CGU d\u00e9finissent les conditions d\u2019acc\u00e8s et d\u2019utilisation par l\u2019Utilisateur du site Internet <a href=\"https:\/\/fortdugrandsaintantoine.fr\">https:\/\/fortdugrandsaintantoine.fr<\/a>.<\/p>\n<p>L\u2019Utilisateur devra donc en prendre connaissance avec attention avant de les accepter.<\/p>\n<p>Les CGU ont force obligatoire entre LES AMIS DU FORT DU GRAND SAINT-ANTOINE et l\u2019Utilisateur. L\u2019Utilisateur est donc tenu de les respecter dans leur int\u00e9gralit\u00e9.<\/p>\n<p>L&rsquo;utilisation du Site par l\u2019Utilisateur vaut acceptation des CGU. Les CGU sont r\u00e9put\u00e9es lues, applicables et opposables \u00e0 l\u2019Utilisateur d\u00e8s la date de son premier acc\u00e8s au Site. L\u2019Utilisateur peut \u00e0 tout moment cesser sa connexion ou son utilisation du Site mais demeure responsable de toute utilisation ant\u00e9rieure.<\/p>\n<p>Les CGU sont susceptibles d\u2019\u00eatre modifi\u00e9es ou compl\u00e9t\u00e9es \u00e0 tout moment de mani\u00e8re unilat\u00e9rale. L\u2019Utilisateur doit donc les consulter de mani\u00e8re r\u00e9guli\u00e8re pour \u00eatre inform\u00e9 des modifications. L\u2019Utilisateur qui acc\u00e8de au Site apr\u00e8s la date de publication des CGU modifi\u00e9es est r\u00e9put\u00e9 avoir lu et accept\u00e9 ces nouvelles CGU.<\/p>\t\t\t\t\t\t\t\t<\/div>\n\t\t\t\t<\/div>\n\t\t\t\t<div class=\"elementor-element elementor-element-4d20def elementor-widget elementor-widget-text-editor\" data-id=\"4d20def\" data-element_type=\"widget\" data-e-type=\"widget\" data-widget_type=\"text-editor.default\">\n\t\t\t\t<div class=\"elementor-widget-container\">\n\t\t\t\t\t\t\t\t\t<p><strong>c) Objet du Site\u00a0:<\/strong><\/p>\n<p>Le site fortdugrandsaintantoine.fr\u00a0poursuit les objectifs suivants\u00a0:<\/p>\n<ul>\n<li>Informer l\u2019Utilisateur concernant l\u2019organisation, le fonctionnement, les engagements et l\u2019actualit\u00e9 des AMIS DU FORT DU GRAND SAINT-ANTOINE y compris les \u00e9v\u00e8nements que les AMIS DU FORT DU GRAND SAINT-ANTOINE est amen\u00e9e \u00e0 organiser directement ou indirectement,<\/li>\n<li>Partager du Contenu tiers, y compris du contenu libre de droit,<\/li>\n<li>Permettre l&rsquo;inscription des Abonn\u00e9s \u00e0 des lettres d&rsquo;informations et d&rsquo;actualit\u00e9s,<\/li>\n<li>Permettre la collecte de donn\u00e9es par le biais de p\u00e9titions ou de formulaires aupr\u00e8s du Participant,<\/li>\n<li>Permettre la collecte de dons aupr\u00e8s de l\u2019Utilisateur.<\/li>\n<\/ul>\t\t\t\t\t\t\t\t<\/div>\n\t\t\t\t<\/div>\n\t\t\t\t<div class=\"elementor-element elementor-element-0528ac4 elementor-widget elementor-widget-text-editor\" data-id=\"0528ac4\" data-element_type=\"widget\" data-e-type=\"widget\" data-widget_type=\"text-editor.default\">\n\t\t\t\t<div class=\"elementor-widget-container\">\n\t\t\t\t\t\t\t\t\t<p><strong>e) Acc\u00e8s du site et informations qui y sont contenues\u00a0:<\/strong><\/p>\n<p>Le Site est accessible librement et gratuitement \u00e0 l\u2019Utilisateur. Les frais pour acc\u00e9der au Site (en particulier le mat\u00e9riel et les programmes informatiques, la connexion Internet\u2026) sont \u00e0 la charge de l\u2019Utilisateur.<\/p>\n<p>Le site est normalement accessible \u00e0 tout moment \u00e0 l\u2019Utilisateur. Une interruption pour raison de maintenance technique peut \u00eatre toutefois d\u00e9cid\u00e9e par le directeur de la publication \u00e0 tout moment, sans pr\u00e9avis ni indemnit\u00e9. Le directeur de la publication s\u2019efforcera alors de communiquer pr\u00e9alablement aux utilisateurs les dates et heures de l\u2019intervention. Le Site est mis \u00e0 jour r\u00e9guli\u00e8rement.<\/p>\n<p>Le Site est h\u00e9berg\u00e9 chez un prestataire sur le territoire Fran\u00e7ais. L\u2019objectif est d\u2019apporter une prestation qui assure le meilleur taux d\u2019accessibilit\u00e9. L\u2019h\u00e9bergeur assure la continuit\u00e9 de son service 24 Heures sur 24, tous les jours de l\u2019ann\u00e9e. Il se r\u00e9serve n\u00e9anmoins la possibilit\u00e9 d\u2019interrompre, l\u00e0 encore \u00e0 tout moment, sans pr\u00e9avis ni indemnit\u00e9, le service d\u2019h\u00e9bergement pour les dur\u00e9es les plus courtes possibles notamment \u00e0 des fins de maintenance, d\u2019am\u00e9lioration de ses infrastructures, de d\u00e9faillance de ses infrastructures ou s\u2019il d\u00e9tecte un trafic r\u00e9put\u00e9 anormal.<\/p>\n<p>Le Site utilise la technologie WordPress. Le Site ou l\u2019Editeur ne peut \u00eatre tenu responsable de dommages mat\u00e9riels li\u00e9s \u00e0 l\u2019utilisation du Site. De plus, l\u2019Utilisateur du Site s\u2019engage \u00e0 acc\u00e9der au Site en utilisant un mat\u00e9riel r\u00e9cent, ne contenant pas de virus et avec un navigateur de derni\u00e8re g\u00e9n\u00e9ration mis-\u00e0-jour.<\/p>\n<p>Le Site, l\u2019Editeur ou l\u2019h\u00e9bergeur ne peut \u00eatre tenu responsable en cas de dysfonctionnement ou d\u2019incompatibilit\u00e9 du r\u00e9seau Internet, des lignes t\u00e9l\u00e9phoniques ou du mat\u00e9riel informatique et de t\u00e9l\u00e9phonie li\u00e9 notamment \u00e0 l\u2019encombrement du r\u00e9seau emp\u00eachant l\u2019acc\u00e8s au serveur.<\/p>\n<p>D\u2019une mani\u00e8re g\u00e9n\u00e9rale, ni le Site ni l\u2019Editeur n\u2019est responsable des\u00a0dommages de toute nature qui r\u00e9sulteraient d\u2019une interruption, d\u2019une suspension ou d\u2019une modification de tout ou partie du Site. De m\u00eame, ni le Site ni l\u2019Editeur n\u2019est responsable des dommages indirects (et notamment d\u2019une perte de march\u00e9, perte d\u2019une chance\u2026) cons\u00e9cutifs \u00e0 l\u2019utilisation du site.<\/p>\n<p>L\u2019Utilisateur ne peut en aucune mani\u00e8re r\u00e9utiliser, c\u00e9der ou exploiter pour son propre compte tout ou partie des \u00e9l\u00e9ments ou travaux du Site,\u00a0sauf autorisation \u00e9crite pr\u00e9alable du directeur de la publication.<\/p>\n<p>Le Site contient des informations aussi pr\u00e9cises que possible. Il s\u2019agit toutefois d\u2019une obligation de moyens. L&rsquo;Editeur ne peut donc \u00eatre tenu responsable des oublis, des inexactitudes et des carences dans la mise \u00e0 jour, qu\u2019elles soient de son fait ou du fait des tiers partenaires qui lui fournissent ces informations.<\/p>\n<p>Toutes les informations pr\u00e9sentes sur le Site sont donn\u00e9es \u00e0 titre indicatif et sont susceptibles d\u2019\u00e9voluer. Par ailleurs, les renseignements figurant sur le Site ne sont pas exhaustifs. Ils sont donn\u00e9s sous r\u00e9serve de modifications ayant \u00e9t\u00e9 apport\u00e9es depuis leur mise en ligne.<\/p>\n<p>Des espaces interactifs (dont la possibilit\u00e9 de poser des questions dans l\u2019espace contact) sont \u00e0 la disposition de l\u2019Utilisateur. Pour ce qui les concerne, l\u2019Editeur se r\u00e9serve le droit de supprimer \u00e0 tout moment, sans pr\u00e9avis ni indemnit\u00e9, tout contenu d\u00e9pos\u00e9 dans cet espace qui contreviendrait \u00e0 la l\u00e9gislation applicable en France, en particulier aux dispositions relatives \u00e0 la protection des donn\u00e9es. Le cas \u00e9ch\u00e9ant, l&rsquo;Editeur se r\u00e9serve \u00e9galement la possibilit\u00e9 de mettre en cause la responsabilit\u00e9 civile et\/ou p\u00e9nale de l\u2019Utilisateur, notamment en cas de message \u00e0 caract\u00e8re raciste, injurieux, diffamant, ou pornographique, quel que soit le support utilis\u00e9 (texte, photographie \u2026).<\/p>\t\t\t\t\t\t\t\t<\/div>\n\t\t\t\t<\/div>\n\t\t\t\t<div class=\"elementor-element elementor-element-6822602 elementor-widget elementor-widget-text-editor\" data-id=\"6822602\" data-element_type=\"widget\" data-e-type=\"widget\" data-widget_type=\"text-editor.default\">\n\t\t\t\t<div class=\"elementor-widget-container\">\n\t\t\t\t\t\t\t\t\t<p><strong>f) Droit de propri\u00e9t\u00e9 intellectuelle\u00a0:<\/strong><\/p>\n<p>Le site <a href=\"https:\/\/fortdugrandsaintantoine.fr\">fortdugrandsaintantoine.fr<\/a> constitue une \u0153uvre de l\u2019esprit prot\u00e9g\u00e9e par les dispositions du Code de la Propri\u00e9t\u00e9 Intellectuelle et des R\u00e9glementations Internationales applicables.<\/p>\n<p>A l\u2019exception du contenu tiers libre de droits, l\u2019Editeur\u00a0est propri\u00e9taire des droits de propri\u00e9t\u00e9 intellectuelle et\/ou d\u00e9tient les droits d\u2019usage sur tous les \u00e9l\u00e9ments accessibles sur le Site, notamment les textes, marques, dessins et mod\u00e8les, images, graphismes, logos, vid\u00e9os, ic\u00f4nes et sons. Toute reproduction, repr\u00e9sentation, modification, publication, adaptation de tout ou partie des \u00e9l\u00e9ments du Site, quel que soit le moyen ou le proc\u00e9d\u00e9 utilis\u00e9, est interdite, sauf autorisation \u00e9crite pr\u00e9alable du directeur de la publication.<\/p>\n<p>L\u2019exploitation non autoris\u00e9e du Site ou de l\u2019un quelconque des \u00e9l\u00e9ments qu\u2019il contient sera consid\u00e9r\u00e9e comme constitutive d\u2019une contrefa\u00e7on et poursuivie conform\u00e9ment aux dispositions du Code de Propri\u00e9t\u00e9 Intellectuelle et autres dispositions applicables.<\/p>\t\t\t\t\t\t\t\t<\/div>\n\t\t\t\t<\/div>\n\t\t\t\t<div class=\"elementor-element elementor-element-86b0c86 elementor-widget elementor-widget-text-editor\" data-id=\"86b0c86\" data-element_type=\"widget\" data-e-type=\"widget\" data-widget_type=\"text-editor.default\">\n\t\t\t\t<div class=\"elementor-widget-container\">\n\t\t\t\t\t\t\t\t\t<p><strong>g)<\/strong>\u00a0<strong>Obligations de l\u2019Utilisateur\u00a0:<\/strong><\/p>\n<p>Comme pr\u00e9c\u00e9demment mentionn\u00e9, l\u2019Utilisateur ne peut en aucune mani\u00e8re reproduire, r\u00e9utiliser, c\u00e9der, exploiter, modifier ou adapter pour son propre compte tout ou partie des \u00e9l\u00e9ments ou travaux du Site,\u00a0sauf autorisation \u00e9crite pr\u00e9alable du directeur de la publication.<\/p>\n<p>L\u2019Utilisateur s\u2019interdit d\u2019utiliser les espaces interactifs du Site pour du contenu sur lequel il ne disposerait pas des autorisations n\u00e9cessaires.<\/p>\n<p>L\u2019Utilisateur s\u2019interdit \u00e9galement d\u2019utiliser les espaces interactifs du Site pour du contenu ou qui\u00a0:<\/p>\n<ul>\n<li>serait contraire \u00e0 l&rsquo;ordre public et aux bonnes m\u0153urs,<\/li>\n<li>contreviendrait \u00e0 la l\u00e9gislation applicable en France et en particulier aux dispositions relatives \u00e0 la protection des donn\u00e9es ou qui\u00a0aurait (liste non exhaustive) un caract\u00e8re notamment raciste, injurieux, diffamatoire, pornographique, p\u00e9dophile, incitatif \u00e0 la haine d&rsquo;une personne ou d&rsquo;un groupe de personnes, incitatif au suicide ou \u00e0 l\u2019accomplissement d\u2019actes d\u00e9lictuels ou criminels ou faisant l\u2019apologie de crimes de guerre ou des crimes contre l\u2019humanit\u00e9, etc.<\/li>\n<\/ul>\n<p>En tout \u00e9tat de cause, l\u2019Utilisateur est seul responsable du contenu qu\u2019il publie.<\/p>\t\t\t\t\t\t\t\t<\/div>\n\t\t\t\t<\/div>\n\t\t\t\t<div class=\"elementor-element elementor-element-38d2f1c elementor-widget elementor-widget-text-editor\" data-id=\"38d2f1c\" data-element_type=\"widget\" data-e-type=\"widget\" data-widget_type=\"text-editor.default\">\n\t\t\t\t<div class=\"elementor-widget-container\">\n\t\t\t\t\t\t\t\t\t<p><strong>h)<\/strong>\u00a0<strong>Obligations additionnelles de l\u2019Abonn\u00e9 et du Participant\u00a0:<\/strong><\/p>\n<p>L&rsquo;acc\u00e8s \u00e0 certains contenus du Site est par ailleurs conditionn\u00e9 par l\u2019inscription de l\u2019Utilisateur au Site. L\u2019Utilisateur en devient alors, selon la nature de l\u2019inscription, Abonn\u00e9.<\/p>\n<p>De m\u00eame, certaines fonctionnalit\u00e9s du Site sont conditionn\u00e9es par les donn\u00e9es et informations communiqu\u00e9es ponctuellement par l\u2019Utilisateur dans le cadre de formulaires de renseignement ou de p\u00e9titions. L\u2019Utilisateur devient alors Participant du Site.<\/p>\n<p>Lors de son inscription ou de sa participation, l\u2019Abonn\u00e9 ou le Participant s\u2019engage \u00e0 communiquer des informations exactes, compl\u00e8tes et \u00e0 jour sur sa personne et notamment relative \u00e0 son \u00e9tat civil.<\/p>\n<p>L\u2019Abonn\u00e9 devra en outre proc\u00e9der \u00e0 une mise \u00e0 jour r\u00e9guli\u00e8re des donn\u00e9es le concernant et en particulier de son adresse de messagerie afin d\u2019en conserver l\u2019exactitude. En cas de d\u00e9faut de mise \u00e0 jour, toute communication r\u00e9alis\u00e9e par le Site ou l\u2019Editeur et leurs partenaires aux moyens de coordonn\u00e9es obsol\u00e8tes sera consid\u00e9r\u00e9e comme d\u00e9livr\u00e9e et re\u00e7ue.<\/p>\n<p>LES AMIS DU FORT DU GRAND SAINT-ANTOINE se r\u00e9serve en outre la possibilit\u00e9 de refuser ou r\u00e9silier \u00e0 tout moment, sans pr\u00e9avis ni indemnit\u00e9, une inscription ou participation au Site en cas notamment de non-respect des dispositions des CGU par l&rsquo;Abonn\u00e9 ou le Participant ou s\u2019il y est l\u00e9galement contraint.<\/p>\n<p>L\u2019Utilisateur concern\u00e9 sera inform\u00e9 des motifs de ce refus ou de cette r\u00e9siliation par l\u2019interm\u00e9diaire de la derni\u00e8re adresse \u00e9lectronique qu\u2019il aura renseign\u00e9 dans les meilleurs d\u00e9lais.<\/p>\t\t\t\t\t\t\t\t<\/div>\n\t\t\t\t<\/div>\n\t\t\t\t<div class=\"elementor-element elementor-element-a4ab397 elementor-widget elementor-widget-text-editor\" data-id=\"a4ab397\" data-element_type=\"widget\" data-e-type=\"widget\" data-widget_type=\"text-editor.default\">\n\t\t\t\t<div class=\"elementor-widget-container\">\n\t\t\t\t\t\t\t\t\t<p><strong>i) Donn\u00e9es personnelles\u00a0:<\/strong><\/p>\n<p>Lors de la navigation du Site, des donn\u00e9es \u00e0 caract\u00e8re personnel concernant l\u2019Utilisateur peuvent \u00eatre collect\u00e9es selon les conditions explicit\u00e9es dans la page \u00ab Politique de Confidentialit\u00e9 \u00bb accessible sur le site <a href=\"https:\/\/fortdugrandsaintantoine.fr\">fortdugrandsaintantoine.fr<\/a>.<\/p>\n<p>Le responsable de traitement concernant la collecte et le traitement de ces donn\u00e9es est le directeur de la publication, M. Denis Le Priol.<\/p>\t\t\t\t\t\t\t\t<\/div>\n\t\t\t\t<\/div>\n\t\t\t\t<div class=\"elementor-element elementor-element-35d4265 elementor-widget elementor-widget-text-editor\" data-id=\"35d4265\" data-element_type=\"widget\" data-e-type=\"widget\" data-widget_type=\"text-editor.default\">\n\t\t\t\t<div class=\"elementor-widget-container\">\n\t\t\t\t\t\t\t\t\t<p><strong>j) Utilisation de cookies\u00a0:<\/strong><\/p>\n<p>La navigation du Site peut g\u00e9n\u00e9rer l\u2019utilisation de cookies. Les conditions correspondantes sont explicit\u00e9es dans la page \u00ab Politique des cookies \u00bb accessible sur le site <a href=\"https:\/\/fortdugrandsaintantoine.fr\">fortdugrandsaintantoine.fr<\/a>.<\/p>\t\t\t\t\t\t\t\t<\/div>\n\t\t\t\t<\/div>\n\t\t\t\t<div class=\"elementor-element elementor-element-3776e8f elementor-widget elementor-widget-text-editor\" data-id=\"3776e8f\" data-element_type=\"widget\" data-e-type=\"widget\" data-widget_type=\"text-editor.default\">\n\t\t\t\t<div class=\"elementor-widget-container\">\n\t\t\t\t\t\t\t\t\t<p><strong>k) Liens hypertextes\u00a0:<\/strong><\/p>\n<p>Le Site contient un certain nombre de liens hypertextes vers d\u2019autres sites de tiers, mis en place avec l\u2019autorisation du Site.<\/p>\t\t\t\t\t\t\t\t<\/div>\n\t\t\t\t<\/div>\n\t\t\t\t\t<\/div>\n\t\t\t\t<\/div>\n\t\t\t\t<\/div>\n\t\t","protected":false},"excerpt":{"rendered":"<p>Politique de confidentialit\u00e9 &#8211; Mention l\u00e9gales Mentions l\u00e9gales 1.Identification du site Internet : https:\/\/fortdugrandsaintantoine.fr\u00a0 Editeur : ASSOCIATION LES AMIS DU FORT DU GRAND SAINT-ANTOINE Association, dont le si\u00e8ge est situ\u00e9 route du Faron, Quartier du Fort Rouge, 83200 Toulon SIRET : 930 899 703 000 19 E-mail : lefortdugrandsaintantoine@gmail.com Directeur de la publication : M.Denis [&hellip;]<\/p>\n","protected":false},"author":1,"featured_media":0,"parent":0,"menu_order":0,"comment_status":"closed","ping_status":"open","template":"","meta":{"footnotes":""},"class_list":["post-3","page","type-page","status-publish","hentry"],"_links":{"self":[{"href":"https:\/\/fortdugrandsaintantoine.fr\/index.php\/wp-json\/wp\/v2\/pages\/3","targetHints":{"allow":["GET"]}}],"collection":[{"href":"https:\/\/fortdugrandsaintantoine.fr\/index.php\/wp-json\/wp\/v2\/pages"}],"about":[{"href":"https:\/\/fortdugrandsaintantoine.fr\/index.php\/wp-json\/wp\/v2\/types\/page"}],"author":[{"embeddable":true,"href":"https:\/\/fortdugrandsaintantoine.fr\/index.php\/wp-json\/wp\/v2\/users\/1"}],"replies":[{"embeddable":true,"href":"https:\/\/fortdugrandsaintantoine.fr\/index.php\/wp-json\/wp\/v2\/comments?post=3"}],"version-history":[{"count":6,"href":"https:\/\/fortdugrandsaintantoine.fr\/index.php\/wp-json\/wp\/v2\/pages\/3\/revisions"}],"predecessor-version":[{"id":308,"href":"https:\/\/fortdugrandsaintantoine.fr\/index.php\/wp-json\/wp\/v2\/pages\/3\/revisions\/308"}],"wp:attachment":[{"href":"https:\/\/fortdugrandsaintantoine.fr\/index.php\/wp-json\/wp\/v2\/media?parent=3"}],"curies":[{"name":"wp","href":"https:\/\/api.w.org\/{rel}","templated":true}]}}