{"id":364,"date":"2025-06-06T10:28:12","date_gmt":"2025-06-06T10:28:12","guid":{"rendered":"https:\/\/fortdugrandsaintantoine.fr\/?page_id=364"},"modified":"2025-06-10T09:32:43","modified_gmt":"2025-06-10T09:32:43","slug":"commemoration-8-mai","status":"publish","type":"page","link":"https:\/\/fortdugrandsaintantoine.fr\/index.php\/commemoration-8-mai\/","title":{"rendered":"Comm\u00e9moration 8 mai"},"content":{"rendered":"\t\t<div data-elementor-type=\"wp-page\" data-elementor-id=\"364\" class=\"elementor elementor-364\" data-elementor-post-type=\"page\">\n\t\t\t\t<div class=\"elementor-element elementor-element-4d56fe6 e-con-full e-flex e-con e-parent\" data-id=\"4d56fe6\" data-element_type=\"container\" data-e-type=\"container\" data-settings=\"{&quot;background_background&quot;:&quot;classic&quot;}\">\n\t\t\t\t<div class=\"elementor-element elementor-element-e3af0f8 elementor-invisible elementor-widget elementor-widget-heading\" data-id=\"e3af0f8\" data-element_type=\"widget\" data-e-type=\"widget\" data-settings=\"{&quot;_animation&quot;:&quot;fadeInDown&quot;}\" data-widget_type=\"heading.default\">\n\t\t\t\t<div class=\"elementor-widget-container\">\n\t\t\t\t\t<p class=\"elementor-heading-title elementor-size-default\">D\u00e9couvrez<\/p>\t\t\t\t<\/div>\n\t\t\t\t<\/div>\n\t\t\t\t<div class=\"elementor-element elementor-element-b092423 elementor-invisible elementor-widget elementor-widget-heading\" data-id=\"b092423\" data-element_type=\"widget\" data-e-type=\"widget\" data-settings=\"{&quot;_animation&quot;:&quot;fadeInUp&quot;}\" data-widget_type=\"heading.default\">\n\t\t\t\t<div class=\"elementor-widget-container\">\n\t\t\t\t\t<h1 class=\"elementor-heading-title elementor-size-default\">L'actualit\u00e9 du Fort <\/h1>\t\t\t\t<\/div>\n\t\t\t\t<\/div>\n\t\t\t\t<\/div>\n\t\t<div class=\"elementor-element elementor-element-4915562 e-con-full e-flex e-con e-parent\" data-id=\"4915562\" data-element_type=\"container\" data-e-type=\"container\" data-settings=\"{&quot;background_background&quot;:&quot;classic&quot;}\">\n\t\t<div class=\"elementor-element elementor-element-c7b91aa e-con-full e-flex e-con e-child\" data-id=\"c7b91aa\" data-element_type=\"container\" data-e-type=\"container\">\n\t\t\t\t<div class=\"elementor-element elementor-element-edb5b46 animated-slow elementor-invisible elementor-widget elementor-widget-heading\" data-id=\"edb5b46\" data-element_type=\"widget\" data-e-type=\"widget\" data-settings=\"{&quot;_animation&quot;:&quot;fadeInLeft&quot;}\" data-widget_type=\"heading.default\">\n\t\t\t\t<div class=\"elementor-widget-container\">\n\t\t\t\t\t<h2 class=\"elementor-heading-title elementor-size-default\">Comm\u00e9moration du 8 mai 1945<\/h2>\t\t\t\t<\/div>\n\t\t\t\t<\/div>\n\t\t<div class=\"elementor-element elementor-element-1712654 e-con-full e-flex e-con e-child\" data-id=\"1712654\" data-element_type=\"container\" data-e-type=\"container\">\n\t\t\t\t<div class=\"elementor-element elementor-element-c5ce427 elementor-invisible elementor-widget elementor-widget-text-editor\" data-id=\"c5ce427\" data-element_type=\"widget\" data-e-type=\"widget\" data-settings=\"{&quot;_animation&quot;:&quot;fadeIn&quot;}\" data-widget_type=\"text-editor.default\">\n\t\t\t\t<div class=\"elementor-widget-container\">\n\t\t\t\t\t\t\t\t\t<div dir=\"auto\">Pour la comm\u00e9moration du 8 mai 1945, le Fort du Grand Saint Antoine\u00a0a ouvert au public !<\/div><div dir=\"auto\">Gr\u00e2ce \u00e0 l\u2019association Marseillaise \u00ab Des Ailes et des Toiles \u00bb ( bataillon de choc), qui s\u2019est beaucoup donn\u00e9e et gr\u00e2ce aux b\u00e9n\u00e9voles du Fort qui ont donn\u00e9s un s\u00e9rieux coup de collier, ce fut une r\u00e9ussite !<\/div><div dir=\"auto\">M\u00eame la presse en a parl\u00e9.<\/div><div dir=\"auto\">Enfin : le Fort commence \u00e0 revivre.<\/div><div dir=\"auto\">Merci \u00e0 la Mairie de Toulon qui nous a aid\u00e9 \u00e0 transmettre le devoir de m\u00e9moire !<\/div>\t\t\t\t\t\t\t\t<\/div>\n\t\t\t\t<\/div>\n\t\t\t\t<div class=\"elementor-element elementor-element-456ff02 elementor-align-left elementor-invisible elementor-widget elementor-widget-button\" data-id=\"456ff02\" data-element_type=\"widget\" data-e-type=\"widget\" data-settings=\"{&quot;_animation&quot;:&quot;fadeInUp&quot;}\" data-widget_type=\"button.default\">\n\t\t\t\t<div class=\"elementor-widget-container\">\n\t\t\t\t\t\t\t\t\t<div class=\"elementor-button-wrapper\">\n\t\t\t\t\t<a class=\"elementor-button elementor-button-link elementor-size-sm\" href=\"https:\/\/www.leetchi.com\/fr\/c\/participez-a-la-restauration-du-fort-du-grand-saint-antoine-1879307?utm_source=copylink&#038;utm_medium=social_sharing\">\n\t\t\t\t\t\t<span class=\"elementor-button-content-wrapper\">\n\t\t\t\t\t\t\t\t\t<span class=\"elementor-button-text\">Faire un don<\/span>\n\t\t\t\t\t<\/span>\n\t\t\t\t\t<\/a>\n\t\t\t\t<\/div>\n\t\t\t\t\t\t\t\t<\/div>\n\t\t\t\t<\/div>\n\t\t\t\t<\/div>\n\t\t\t\t<\/div>\n\t\t<div class=\"elementor-element elementor-element-2a37554 e-con-full e-flex e-con e-child\" data-id=\"2a37554\" data-element_type=\"container\" data-e-type=\"container\">\n\t\t\t\t<div class=\"elementor-element elementor-element-55e42ea elementor-widget elementor-widget-video\" data-id=\"55e42ea\" data-element_type=\"widget\" data-e-type=\"widget\" data-settings=\"{&quot;video_type&quot;:&quot;hosted&quot;,&quot;loop&quot;:&quot;yes&quot;,&quot;autoplay&quot;:&quot;yes&quot;,&quot;mute&quot;:&quot;yes&quot;,&quot;play_on_mobile&quot;:&quot;yes&quot;}\" data-widget_type=\"video.default\">\n\t\t\t\t<div class=\"elementor-widget-container\">\n\t\t\t\t\t\t\t<div class=\"e-hosted-video elementor-wrapper elementor-open-inline\">\n\t\t\t\t\t<video class=\"elementor-video\" src=\"https:\/\/fortdugrandsaintantoine.fr\/wp-content\/uploads\/2025\/07\/20.05.2025%20Clip%20Fort%20Toulon%202025%20v2.mp4\" autoplay=\"\" loop=\"\" muted=\"muted\" playsinline=\"\" controlsList=\"nodownload\" poster=\"https:\/\/fortdugrandsaintantoine.fr\/wp-content\/uploads\/2025\/06\/public_3_11zon-scaled.webp\"><\/video>\n\t\t\t\t<\/div>\n\t\t\t\t\t\t<\/div>\n\t\t\t\t<\/div>\n\t\t\t\t<\/div>\n\t\t\t\t<\/div>\n\t\t<div class=\"elementor-element elementor-element-22d88ca e-con-full e-flex e-con e-parent\" data-id=\"22d88ca\" data-element_type=\"container\" data-e-type=\"container\" data-settings=\"{&quot;background_background&quot;:&quot;classic&quot;}\">\n\t\t<div class=\"elementor-element elementor-element-036aedd e-flex e-con-boxed e-con e-child\" data-id=\"036aedd\" data-element_type=\"container\" data-e-type=\"container\">\n\t\t\t\t\t<div class=\"e-con-inner\">\n\t\t\t\t<div class=\"elementor-element elementor-element-a666a92 elementor-invisible elementor-widget elementor-widget-heading\" data-id=\"a666a92\" data-element_type=\"widget\" data-e-type=\"widget\" data-settings=\"{&quot;_animation&quot;:&quot;fadeIn&quot;}\" data-widget_type=\"heading.default\">\n\t\t\t\t<div class=\"elementor-widget-container\">\n\t\t\t\t\t<p class=\"elementor-heading-title elementor-size-default\">Photos<\/p>\t\t\t\t<\/div>\n\t\t\t\t<\/div>\n\t\t\t\t\t<\/div>\n\t\t\t\t<\/div>\n\t\t\t\t<div class=\"elementor-element elementor-element-69b18ad elementor-widget elementor-widget-gallery\" data-id=\"69b18ad\" data-element_type=\"widget\" data-e-type=\"widget\" data-settings=\"{&quot;gallery_layout&quot;:&quot;masonry&quot;,&quot;lazyload&quot;:&quot;yes&quot;,&quot;columns&quot;:4,&quot;columns_tablet&quot;:2,&quot;columns_mobile&quot;:1,&quot;gap&quot;:{&quot;unit&quot;:&quot;px&quot;,&quot;size&quot;:10,&quot;sizes&quot;:[]},&quot;gap_tablet&quot;:{&quot;unit&quot;:&quot;px&quot;,&quot;size&quot;:10,&quot;sizes&quot;:[]},&quot;gap_mobile&quot;:{&quot;unit&quot;:&quot;px&quot;,&quot;size&quot;:10,&quot;sizes&quot;:[]},&quot;link_to&quot;:&quot;file&quot;,&quot;overlay_background&quot;:&quot;yes&quot;,&quot;content_hover_animation&quot;:&quot;fade-in&quot;}\" data-widget_type=\"gallery.default\">\n\t\t\t\t<div class=\"elementor-widget-container\">\n\t\t\t\t\t\t\t<div class=\"elementor-gallery__container\">\n\t\t\t\t\t\t\t<a class=\"e-gallery-item elementor-gallery-item elementor-animated-content\" href=\"https:\/\/fortdugrandsaintantoine.fr\/wp-content\/uploads\/2025\/06\/explications_face-scaled.webp\" data-elementor-open-lightbox=\"no\">\n\t\t\t\t\t<div class=\"e-gallery-image elementor-gallery-item__image\" data-thumbnail=\"https:\/\/fortdugrandsaintantoine.fr\/wp-content\/uploads\/2025\/06\/explications_face-scaled.webp\" data-width=\"1708\" data-height=\"2560\" aria-label=\"\" role=\"img\" ><\/div>\n\t\t\t\t\t\t\t\t\t\t\t<div class=\"elementor-gallery-item__overlay\"><\/div>\n\t\t\t\t\t\t\t\t\t\t\t\t\t\t<\/a>\n\t\t\t\t\t\t\t<a class=\"e-gallery-item elementor-gallery-item elementor-animated-content\" href=\"https:\/\/fortdugrandsaintantoine.fr\/wp-content\/uploads\/2025\/06\/tente_armes_4_11zon-scaled.webp\" data-elementor-open-lightbox=\"no\">\n\t\t\t\t\t<div class=\"e-gallery-image elementor-gallery-item__image\" data-thumbnail=\"https:\/\/fortdugrandsaintantoine.fr\/wp-content\/uploads\/2025\/06\/tente_armes_4_11zon-scaled.webp\" data-width=\"2560\" data-height=\"1708\" aria-label=\"\" role=\"img\" ><\/div>\n\t\t\t\t\t\t\t\t\t\t\t<div class=\"elementor-gallery-item__overlay\"><\/div>\n\t\t\t\t\t\t\t\t\t\t\t\t\t\t<\/a>\n\t\t\t\t\t\t\t<a class=\"e-gallery-item elementor-gallery-item elementor-animated-content\" href=\"https:\/\/fortdugrandsaintantoine.fr\/wp-content\/uploads\/2025\/06\/equipe-scaled.webp\" data-elementor-open-lightbox=\"no\">\n\t\t\t\t\t<div class=\"e-gallery-image elementor-gallery-item__image\" data-thumbnail=\"https:\/\/fortdugrandsaintantoine.fr\/wp-content\/uploads\/2025\/06\/equipe-scaled.webp\" data-width=\"1707\" data-height=\"2560\" aria-label=\"\" role=\"img\" ><\/div>\n\t\t\t\t\t\t\t\t\t\t\t<div class=\"elementor-gallery-item__overlay\"><\/div>\n\t\t\t\t\t\t\t\t\t\t\t\t\t\t<\/a>\n\t\t\t\t\t\t\t<a class=\"e-gallery-item elementor-gallery-item elementor-animated-content\" href=\"https:\/\/fortdugrandsaintantoine.fr\/wp-content\/uploads\/2025\/06\/explications-scaled.webp\" data-elementor-open-lightbox=\"no\">\n\t\t\t\t\t<div class=\"e-gallery-image elementor-gallery-item__image\" data-thumbnail=\"https:\/\/fortdugrandsaintantoine.fr\/wp-content\/uploads\/2025\/06\/explications-scaled.webp\" data-width=\"1708\" data-height=\"2560\" aria-label=\"\" role=\"img\" ><\/div>\n\t\t\t\t\t\t\t\t\t\t\t<div class=\"elementor-gallery-item__overlay\"><\/div>\n\t\t\t\t\t\t\t\t\t\t\t\t\t\t<\/a>\n\t\t\t\t\t\t\t<a class=\"e-gallery-item elementor-gallery-item elementor-animated-content\" href=\"https:\/\/fortdugrandsaintantoine.fr\/wp-content\/uploads\/2025\/06\/carte-scaled.webp\" data-elementor-open-lightbox=\"no\">\n\t\t\t\t\t<div class=\"e-gallery-image elementor-gallery-item__image\" data-thumbnail=\"https:\/\/fortdugrandsaintantoine.fr\/wp-content\/uploads\/2025\/06\/carte-scaled.webp\" data-width=\"1708\" data-height=\"2560\" aria-label=\"\" role=\"img\" ><\/div>\n\t\t\t\t\t\t\t\t\t\t\t<div class=\"elementor-gallery-item__overlay\"><\/div>\n\t\t\t\t\t\t\t\t\t\t\t\t\t\t<\/a>\n\t\t\t\t\t\t\t<a class=\"e-gallery-item elementor-gallery-item elementor-animated-content\" href=\"https:\/\/fortdugrandsaintantoine.fr\/wp-content\/uploads\/2025\/06\/tentes_soldats_2_11zon-scaled.webp\" data-elementor-open-lightbox=\"no\">\n\t\t\t\t\t<div class=\"e-gallery-image elementor-gallery-item__image\" data-thumbnail=\"https:\/\/fortdugrandsaintantoine.fr\/wp-content\/uploads\/2025\/06\/tentes_soldats_2_11zon-scaled.webp\" data-width=\"2560\" data-height=\"1708\" aria-label=\"\" role=\"img\" ><\/div>\n\t\t\t\t\t\t\t\t\t\t\t<div class=\"elementor-gallery-item__overlay\"><\/div>\n\t\t\t\t\t\t\t\t\t\t\t\t\t\t<\/a>\n\t\t\t\t\t\t\t<a class=\"e-gallery-item elementor-gallery-item elementor-animated-content\" href=\"https:\/\/fortdugrandsaintantoine.fr\/wp-content\/uploads\/2025\/06\/tentes_drapeaux_1_11zon-scaled.webp\" data-elementor-open-lightbox=\"no\">\n\t\t\t\t\t<div class=\"e-gallery-image elementor-gallery-item__image\" data-thumbnail=\"https:\/\/fortdugrandsaintantoine.fr\/wp-content\/uploads\/2025\/06\/tentes_drapeaux_1_11zon-scaled.webp\" data-width=\"2560\" data-height=\"1708\" aria-label=\"\" role=\"img\" ><\/div>\n\t\t\t\t\t\t\t\t\t\t\t<div class=\"elementor-gallery-item__overlay\"><\/div>\n\t\t\t\t\t\t\t\t\t\t\t\t\t\t<\/a>\n\t\t\t\t\t\t\t<a class=\"e-gallery-item elementor-gallery-item elementor-animated-content\" href=\"https:\/\/fortdugrandsaintantoine.fr\/wp-content\/uploads\/2025\/06\/voitures_vignette_3_11zon-scaled.webp\" data-elementor-open-lightbox=\"no\">\n\t\t\t\t\t<div class=\"e-gallery-image elementor-gallery-item__image\" data-thumbnail=\"https:\/\/fortdugrandsaintantoine.fr\/wp-content\/uploads\/2025\/06\/voitures_vignette_3_11zon-scaled.webp\" data-width=\"2560\" data-height=\"1708\" aria-label=\"\" role=\"img\" ><\/div>\n\t\t\t\t\t\t\t\t\t\t\t<div class=\"elementor-gallery-item__overlay\"><\/div>\n\t\t\t\t\t\t\t\t\t\t\t\t\t\t<\/a>\n\t\t\t\t\t\t\t<a class=\"e-gallery-item elementor-gallery-item elementor-animated-content\" href=\"https:\/\/fortdugrandsaintantoine.fr\/wp-content\/uploads\/2025\/06\/manequin-scaled.webp\" data-elementor-open-lightbox=\"no\">\n\t\t\t\t\t<div class=\"e-gallery-image elementor-gallery-item__image\" data-thumbnail=\"https:\/\/fortdugrandsaintantoine.fr\/wp-content\/uploads\/2025\/06\/manequin-scaled.webp\" data-width=\"1708\" data-height=\"2560\" aria-label=\"\" role=\"img\" ><\/div>\n\t\t\t\t\t\t\t\t\t\t\t<div class=\"elementor-gallery-item__overlay\"><\/div>\n\t\t\t\t\t\t\t\t\t\t\t\t\t\t<\/a>\n\t\t\t\t\t\t\t<a class=\"e-gallery-item elementor-gallery-item elementor-animated-content\" href=\"https:\/\/fortdugrandsaintantoine.fr\/wp-content\/uploads\/2025\/06\/entree_fort-scaled.webp\" data-elementor-open-lightbox=\"no\">\n\t\t\t\t\t<div class=\"e-gallery-image elementor-gallery-item__image\" data-thumbnail=\"https:\/\/fortdugrandsaintantoine.fr\/wp-content\/uploads\/2025\/06\/entree_fort-scaled.webp\" data-width=\"1708\" data-height=\"2560\" aria-label=\"\" role=\"img\" ><\/div>\n\t\t\t\t\t\t\t\t\t\t\t<div class=\"elementor-gallery-item__overlay\"><\/div>\n\t\t\t\t\t\t\t\t\t\t\t\t\t\t<\/a>\n\t\t\t\t\t\t\t<a class=\"e-gallery-item elementor-gallery-item elementor-animated-content\" href=\"https:\/\/fortdugrandsaintantoine.fr\/wp-content\/uploads\/2025\/06\/moto_face_1_11zon-scaled.webp\" data-elementor-open-lightbox=\"no\">\n\t\t\t\t\t<div class=\"e-gallery-image elementor-gallery-item__image\" data-thumbnail=\"https:\/\/fortdugrandsaintantoine.fr\/wp-content\/uploads\/2025\/06\/moto_face_1_11zon-scaled.webp\" data-width=\"1708\" data-height=\"2560\" aria-label=\"\" role=\"img\" ><\/div>\n\t\t\t\t\t\t\t\t\t\t\t<div class=\"elementor-gallery-item__overlay\"><\/div>\n\t\t\t\t\t\t\t\t\t\t\t\t\t\t<\/a>\n\t\t\t\t\t\t\t<a class=\"e-gallery-item elementor-gallery-item elementor-animated-content\" href=\"https:\/\/fortdugrandsaintantoine.fr\/wp-content\/uploads\/2025\/06\/moto-scaled.webp\" data-elementor-open-lightbox=\"no\">\n\t\t\t\t\t<div class=\"e-gallery-image elementor-gallery-item__image\" data-thumbnail=\"https:\/\/fortdugrandsaintantoine.fr\/wp-content\/uploads\/2025\/06\/moto-scaled.webp\" data-width=\"1708\" data-height=\"2560\" aria-label=\"\" role=\"img\" ><\/div>\n\t\t\t\t\t\t\t\t\t\t\t<div class=\"elementor-gallery-item__overlay\"><\/div>\n\t\t\t\t\t\t\t\t\t\t\t\t\t\t<\/a>\n\t\t\t\t\t\t\t<a class=\"e-gallery-item elementor-gallery-item elementor-animated-content\" href=\"https:\/\/fortdugrandsaintantoine.fr\/wp-content\/uploads\/2025\/06\/vue_fort_11zon-scaled.webp\" data-elementor-open-lightbox=\"no\">\n\t\t\t\t\t<div class=\"e-gallery-image elementor-gallery-item__image\" data-thumbnail=\"https:\/\/fortdugrandsaintantoine.fr\/wp-content\/uploads\/2025\/06\/vue_fort_11zon-scaled.webp\" data-width=\"2560\" data-height=\"1708\" aria-label=\"\" role=\"img\" ><\/div>\n\t\t\t\t\t\t\t\t\t\t\t<div class=\"elementor-gallery-item__overlay\"><\/div>\n\t\t\t\t\t\t\t\t\t\t\t\t\t\t<\/a>\n\t\t\t\t\t\t\t<a class=\"e-gallery-item elementor-gallery-item elementor-animated-content\" href=\"https:\/\/fortdugrandsaintantoine.fr\/wp-content\/uploads\/2025\/06\/poste_radio_2_11zon-scaled.webp\" data-elementor-open-lightbox=\"no\">\n\t\t\t\t\t<div class=\"e-gallery-image elementor-gallery-item__image\" data-thumbnail=\"https:\/\/fortdugrandsaintantoine.fr\/wp-content\/uploads\/2025\/06\/poste_radio_2_11zon-scaled.webp\" data-width=\"2560\" data-height=\"1708\" aria-label=\"\" role=\"img\" ><\/div>\n\t\t\t\t\t\t\t\t\t\t\t<div class=\"elementor-gallery-item__overlay\"><\/div>\n\t\t\t\t\t\t\t\t\t\t\t\t\t\t<\/a>\n\t\t\t\t\t\t\t<a class=\"e-gallery-item elementor-gallery-item elementor-animated-content\" href=\"https:\/\/fortdugrandsaintantoine.fr\/wp-content\/uploads\/2025\/06\/armes-scaled.webp\" data-elementor-open-lightbox=\"no\">\n\t\t\t\t\t<div class=\"e-gallery-image elementor-gallery-item__image\" data-thumbnail=\"https:\/\/fortdugrandsaintantoine.fr\/wp-content\/uploads\/2025\/06\/armes-scaled.webp\" data-width=\"2560\" data-height=\"1708\" aria-label=\"\" role=\"img\" ><\/div>\n\t\t\t\t\t\t\t\t\t\t\t<div class=\"elementor-gallery-item__overlay\"><\/div>\n\t\t\t\t\t\t\t\t\t\t\t\t\t\t<\/a>\n\t\t\t\t\t\t\t<a class=\"e-gallery-item elementor-gallery-item elementor-animated-content\" href=\"https:\/\/fortdugrandsaintantoine.fr\/wp-content\/uploads\/2025\/06\/explications_armes-scaled.webp\" data-elementor-open-lightbox=\"no\">\n\t\t\t\t\t<div class=\"e-gallery-image elementor-gallery-item__image\" data-thumbnail=\"https:\/\/fortdugrandsaintantoine.fr\/wp-content\/uploads\/2025\/06\/explications_armes-scaled.webp\" data-width=\"2560\" data-height=\"1708\" aria-label=\"\" role=\"img\" ><\/div>\n\t\t\t\t\t\t\t\t\t\t\t<div class=\"elementor-gallery-item__overlay\"><\/div>\n\t\t\t\t\t\t\t\t\t\t\t\t\t\t<\/a>\n\t\t\t\t\t\t\t<a class=\"e-gallery-item elementor-gallery-item elementor-animated-content\" href=\"https:\/\/fortdugrandsaintantoine.fr\/wp-content\/uploads\/2025\/06\/public_3_11zon-scaled.webp\" data-elementor-open-lightbox=\"no\">\n\t\t\t\t\t<div class=\"e-gallery-image elementor-gallery-item__image\" data-thumbnail=\"https:\/\/fortdugrandsaintantoine.fr\/wp-content\/uploads\/2025\/06\/public_3_11zon-scaled.webp\" data-width=\"2560\" data-height=\"1708\" aria-label=\"\" role=\"img\" ><\/div>\n\t\t\t\t\t\t\t\t\t\t\t<div class=\"elementor-gallery-item__overlay\"><\/div>\n\t\t\t\t\t\t\t\t\t\t\t\t\t\t<\/a>\n\t\t\t\t\t<\/div>\n\t\t\t\t\t<\/div>\n\t\t\t\t<\/div>\n\t\t\t\t<\/div>\n\t\t\t\t<\/div>\n\t\t","protected":false},"excerpt":{"rendered":"<p>D\u00e9couvrez L&rsquo;actualit\u00e9 du Fort Comm\u00e9moration du 8 mai 1945 Pour la comm\u00e9moration du 8 mai 1945, le Fort du Grand Saint Antoine\u00a0a ouvert au public !Gr\u00e2ce \u00e0 l\u2019association Marseillaise \u00ab Des Ailes et des Toiles \u00bb ( bataillon de choc), qui s\u2019est beaucoup donn\u00e9e et gr\u00e2ce aux b\u00e9n\u00e9voles du Fort qui ont donn\u00e9s un s\u00e9rieux [&hellip;]<\/p>\n","protected":false},"author":1,"featured_media":0,"parent":0,"menu_order":0,"comment_status":"closed","ping_status":"closed","template":"","meta":{"footnotes":""},"class_list":["post-364","page","type-page","status-publish","hentry"],"_links":{"self":[{"href":"https:\/\/fortdugrandsaintantoine.fr\/index.php\/wp-json\/wp\/v2\/pages\/364","targetHints":{"allow":["GET"]}}],"collection":[{"href":"https:\/\/fortdugrandsaintantoine.fr\/index.php\/wp-json\/wp\/v2\/pages"}],"about":[{"href":"https:\/\/fortdugrandsaintantoine.fr\/index.php\/wp-json\/wp\/v2\/types\/page"}],"author":[{"embeddable":true,"href":"https:\/\/fortdugrandsaintantoine.fr\/index.php\/wp-json\/wp\/v2\/users\/1"}],"replies":[{"embeddable":true,"href":"https:\/\/fortdugrandsaintantoine.fr\/index.php\/wp-json\/wp\/v2\/comments?post=364"}],"version-history":[{"count":43,"href":"https:\/\/fortdugrandsaintantoine.fr\/index.php\/wp-json\/wp\/v2\/pages\/364\/revisions"}],"predecessor-version":[{"id":473,"href":"https:\/\/fortdugrandsaintantoine.fr\/index.php\/wp-json\/wp\/v2\/pages\/364\/revisions\/473"}],"wp:attachment":[{"href":"https:\/\/fortdugrandsaintantoine.fr\/index.php\/wp-json\/wp\/v2\/media?parent=364"}],"curies":[{"name":"wp","href":"https:\/\/api.w.org\/{rel}","templated":true}]}}